{"id":10,"date":"2017-04-11T04:01:42","date_gmt":"2017-04-11T04:01:42","guid":{"rendered":"https:\/\/slccn.com\/?page_id=10"},"modified":"2025-05-24T03:03:15","modified_gmt":"2025-05-24T03:03:15","slug":"home","status":"publish","type":"page","link":"https:\/\/slccn.com\/","title":{"rendered":"Home"},"content":{"rendered":"\n<h2 class=\"wp-block-heading\">Home<\/h2>\n\n\n<p>Welcome to Central Church of the Nazarene! \u00a0We are centrally positioned in Salt Lake City with the purpose of loving others as we love God. \u00a0Our congregation is multicultural. \u00a0Worship services and discipleship groups are available in both English and Spanish. \u00a0We are glad you&#8217;ve found our site online, and we hope to connect with you in person too.<\/p>\n<p>\u00a1Bienvenido a la Iglesia Central del Nazareno! \u00a0Estamos ubicados en Salt Lake City para amar a otros como amamos a Dios. \u00a0Nuestra congregaci\u00f3n es multicultural. \u00a0Nuestros servicios de adoraci\u00f3n y grupos de discipulado est\u00e1n disponibles en ingl\u00e9s y espa\u00f1ol. \u00a0Nos da gusto que hayas encontrado nuestra p\u00e1gina web y esperamos conocerte personalmente.<\/p>\n<p><img loading=\"lazy\" decoding=\"async\" class=\"aligncenter wp-image-98 \" src=\"https:\/\/slccn.com\/wp-content\/uploads\/2020\/04\/slccn_building-300x200.jpg\" alt=\"\" width=\"300\" height=\"200\" srcset=\"https:\/\/slccn.com\/wp-content\/uploads\/2020\/04\/slccn_building-300x200.jpg 300w, https:\/\/slccn.com\/wp-content\/uploads\/2020\/04\/slccn_building.jpg 720w\" sizes=\"auto, (max-width: 300px) 100vw, 300px\" \/><\/p>\n\n\n<p><\/p>\n","protected":false},"excerpt":{"rendered":"<p>Home Welcome to Central Church of the Nazarene! \u00a0We are centrally positioned in Salt Lake [&hellip;]<\/p>\n","protected":false},"author":1,"featured_media":0,"parent":0,"menu_order":0,"comment_status":"closed","ping_status":"closed","template":"","meta":{"footnotes":""},"class_list":["post-10","page","type-page","status-publish","hentry"],"yoast_head":"<!-- This site is optimized with the Yoast SEO plugin v26.5 - https:\/\/yoast.com\/wordpress\/plugins\/seo\/ -->\n<title>Home - SLC Central Church of the Nazarene<\/title>\n<meta name=\"description\" content=\"Christian church Utah iglesia del nazareno cristiana evangelica\" \/>\n<meta name=\"robots\" content=\"index, follow, max-snippet:-1, max-image-preview:large, max-video-preview:-1\" \/>\n<link rel=\"canonical\" href=\"https:\/\/slccn.com\/\" \/>\n<meta property=\"og:locale\" content=\"en_US\" \/>\n<meta property=\"og:type\" content=\"article\" \/>\n<meta property=\"og:title\" content=\"Home - SLC Central Church of the Nazarene\" \/>\n<meta property=\"og:description\" content=\"Christian church Utah iglesia del nazareno cristiana evangelica\" \/>\n<meta property=\"og:url\" content=\"https:\/\/slccn.com\/\" \/>\n<meta property=\"og:site_name\" content=\"SLC Central Church of the Nazarene\" \/>\n<meta property=\"article:publisher\" content=\"https:\/\/www.facebook.com\/Central-Church-of-the-Nazarene-234080933319872\/\" \/>\n<meta property=\"article:modified_time\" content=\"2025-05-24T03:03:15+00:00\" \/>\n<meta property=\"og:image\" content=\"https:\/\/slccn.com\/wp-content\/uploads\/2020\/04\/slccn_building.jpg\" \/>\n\t<meta property=\"og:image:width\" content=\"720\" \/>\n\t<meta property=\"og:image:height\" content=\"480\" \/>\n\t<meta property=\"og:image:type\" content=\"image\/jpeg\" \/>\n<meta name=\"twitter:card\" content=\"summary_large_image\" \/>\n<meta name=\"twitter:label1\" content=\"Est. reading time\" \/>\n\t<meta name=\"twitter:data1\" content=\"1 minute\" \/>\n<script type=\"application\/ld+json\" class=\"yoast-schema-graph\">{\"@context\":\"https:\/\/schema.org\",\"@graph\":[{\"@type\":\"WebPage\",\"@id\":\"https:\/\/slccn.com\/\",\"url\":\"https:\/\/slccn.com\/\",\"name\":\"Home - SLC Central Church of the Nazarene\",\"isPartOf\":{\"@id\":\"https:\/\/slccn.com\/#website\"},\"primaryImageOfPage\":{\"@id\":\"https:\/\/slccn.com\/#primaryimage\"},\"image\":{\"@id\":\"https:\/\/slccn.com\/#primaryimage\"},\"thumbnailUrl\":\"https:\/\/slccn.com\/wp-content\/uploads\/2020\/04\/slccn_building-300x200.jpg\",\"datePublished\":\"2017-04-11T04:01:42+00:00\",\"dateModified\":\"2025-05-24T03:03:15+00:00\",\"description\":\"Christian church Utah iglesia del nazareno cristiana evangelica\",\"breadcrumb\":{\"@id\":\"https:\/\/slccn.com\/#breadcrumb\"},\"inLanguage\":\"en-US\",\"potentialAction\":[{\"@type\":\"ReadAction\",\"target\":[\"https:\/\/slccn.com\/\"]}]},{\"@type\":\"ImageObject\",\"inLanguage\":\"en-US\",\"@id\":\"https:\/\/slccn.com\/#primaryimage\",\"url\":\"https:\/\/slccn.com\/wp-content\/uploads\/2020\/04\/slccn_building.jpg\",\"contentUrl\":\"https:\/\/slccn.com\/wp-content\/uploads\/2020\/04\/slccn_building.jpg\",\"width\":720,\"height\":480},{\"@type\":\"BreadcrumbList\",\"@id\":\"https:\/\/slccn.com\/#breadcrumb\",\"itemListElement\":[{\"@type\":\"ListItem\",\"position\":1,\"name\":\"Home\",\"item\":\"https:\/\/slccn.com\/\"},{\"@type\":\"ListItem\",\"position\":2,\"name\":\"Home\"}]},{\"@type\":\"WebSite\",\"@id\":\"https:\/\/slccn.com\/#website\",\"url\":\"https:\/\/slccn.com\/\",\"name\":\"SLC Central Church of the Nazarene\",\"description\":\"Centrally positioned in the city, loving God and others\",\"potentialAction\":[{\"@type\":\"SearchAction\",\"target\":{\"@type\":\"EntryPoint\",\"urlTemplate\":\"https:\/\/slccn.com\/?s={search_term_string}\"},\"query-input\":{\"@type\":\"PropertyValueSpecification\",\"valueRequired\":true,\"valueName\":\"search_term_string\"}}],\"inLanguage\":\"en-US\"}]}<\/script>\n<!-- \/ Yoast SEO plugin. -->","yoast_head_json":{"title":"Home - SLC Central Church of the Nazarene","description":"Christian church Utah iglesia del nazareno cristiana evangelica","robots":{"index":"index","follow":"follow","max-snippet":"max-snippet:-1","max-image-preview":"max-image-preview:large","max-video-preview":"max-video-preview:-1"},"canonical":"https:\/\/slccn.com\/","og_locale":"en_US","og_type":"article","og_title":"Home - SLC Central Church of the Nazarene","og_description":"Christian church Utah iglesia del nazareno cristiana evangelica","og_url":"https:\/\/slccn.com\/","og_site_name":"SLC Central Church of the Nazarene","article_publisher":"https:\/\/www.facebook.com\/Central-Church-of-the-Nazarene-234080933319872\/","article_modified_time":"2025-05-24T03:03:15+00:00","og_image":[{"width":720,"height":480,"url":"https:\/\/slccn.com\/wp-content\/uploads\/2020\/04\/slccn_building.jpg","type":"image\/jpeg"}],"twitter_card":"summary_large_image","twitter_misc":{"Est. reading time":"1 minute"},"schema":{"@context":"https:\/\/schema.org","@graph":[{"@type":"WebPage","@id":"https:\/\/slccn.com\/","url":"https:\/\/slccn.com\/","name":"Home - SLC Central Church of the Nazarene","isPartOf":{"@id":"https:\/\/slccn.com\/#website"},"primaryImageOfPage":{"@id":"https:\/\/slccn.com\/#primaryimage"},"image":{"@id":"https:\/\/slccn.com\/#primaryimage"},"thumbnailUrl":"https:\/\/slccn.com\/wp-content\/uploads\/2020\/04\/slccn_building-300x200.jpg","datePublished":"2017-04-11T04:01:42+00:00","dateModified":"2025-05-24T03:03:15+00:00","description":"Christian church Utah iglesia del nazareno cristiana evangelica","breadcrumb":{"@id":"https:\/\/slccn.com\/#breadcrumb"},"inLanguage":"en-US","potentialAction":[{"@type":"ReadAction","target":["https:\/\/slccn.com\/"]}]},{"@type":"ImageObject","inLanguage":"en-US","@id":"https:\/\/slccn.com\/#primaryimage","url":"https:\/\/slccn.com\/wp-content\/uploads\/2020\/04\/slccn_building.jpg","contentUrl":"https:\/\/slccn.com\/wp-content\/uploads\/2020\/04\/slccn_building.jpg","width":720,"height":480},{"@type":"BreadcrumbList","@id":"https:\/\/slccn.com\/#breadcrumb","itemListElement":[{"@type":"ListItem","position":1,"name":"Home","item":"https:\/\/slccn.com\/"},{"@type":"ListItem","position":2,"name":"Home"}]},{"@type":"WebSite","@id":"https:\/\/slccn.com\/#website","url":"https:\/\/slccn.com\/","name":"SLC Central Church of the Nazarene","description":"Centrally positioned in the city, loving God and others","potentialAction":[{"@type":"SearchAction","target":{"@type":"EntryPoint","urlTemplate":"https:\/\/slccn.com\/?s={search_term_string}"},"query-input":{"@type":"PropertyValueSpecification","valueRequired":true,"valueName":"search_term_string"}}],"inLanguage":"en-US"}]}},"_links":{"self":[{"href":"https:\/\/slccn.com\/index.php\/wp-json\/wp\/v2\/pages\/10","targetHints":{"allow":["GET"]}}],"collection":[{"href":"https:\/\/slccn.com\/index.php\/wp-json\/wp\/v2\/pages"}],"about":[{"href":"https:\/\/slccn.com\/index.php\/wp-json\/wp\/v2\/types\/page"}],"author":[{"embeddable":true,"href":"https:\/\/slccn.com\/index.php\/wp-json\/wp\/v2\/users\/1"}],"replies":[{"embeddable":true,"href":"https:\/\/slccn.com\/index.php\/wp-json\/wp\/v2\/comments?post=10"}],"version-history":[{"count":9,"href":"https:\/\/slccn.com\/index.php\/wp-json\/wp\/v2\/pages\/10\/revisions"}],"predecessor-version":[{"id":151,"href":"https:\/\/slccn.com\/index.php\/wp-json\/wp\/v2\/pages\/10\/revisions\/151"}],"wp:attachment":[{"href":"https:\/\/slccn.com\/index.php\/wp-json\/wp\/v2\/media?parent=10"}],"curies":[{"name":"wp","href":"https:\/\/api.w.org\/{rel}","templated":true}]}}